{"id":41,"date":"2020-06-08T15:18:47","date_gmt":"2020-06-08T15:18:47","guid":{"rendered":"http:\/\/www.gallery1117.com\/?page_id=41"},"modified":"2022-10-02T22:51:55","modified_gmt":"2022-10-02T22:51:55","slug":"hakkimizda","status":"publish","type":"page","link":"https:\/\/www.gallery1117.com\/?page_id=41","title":{"rendered":"Hakk\u0131m\u0131zda"},"content":{"rendered":"<p><!--vcv no format--><!-- vcwb\/dynamicElementComment:9b415ac5 --><\/p>\n<div class=\"vce-row-container\" data-vce-boxed-width=\"true\">\n<div class=\"vce-row vce-row--col-gap-30 vce-row-content--top\" id=\"el-9b415ac5\" data-vce-do-apply=\"all el-9b415ac5\">\n<div class=\"vce-row-content\" data-vce-element-content=\"true\"><!-- vcwb\/dynamicElementComment:f62ab090 --><\/p>\n<div class=\"vce-col vce-col--md-auto vce-col--xs-1 vce-col--xs-last vce-col--xs-first vce-col--sm-last vce-col--sm-first vce-col--md-last vce-col--lg-last vce-col--xl-last vce-col--md-first vce-col--lg-first vce-col--xl-first\" id=\"el-f62ab090\">\n<div class=\"vce-col-inner\" data-vce-do-apply=\"border margin background  el-f62ab090\">\n<div class=\"vce-col-content\" data-vce-element-content=\"true\" data-vce-do-apply=\"padding el-f62ab090\"><!-- vcwb\/dynamicElementComment:8d742e9f --><\/p>\n<div class=\"vce-text-block\">\n<div class=\"vce-text-block-wrapper vce\" id=\"el-8d742e9f\" data-vce-do-apply=\"all el-8d742e9f\">\n<h2>Hakk\u0131m\u0131zda<\/h2>\n<p>2019 y\u0131l\u0131nda \u0130stanbul Caddebostan&#8217;da kurulan Gallery 11.17 modern ve \u00e7a\u011fda\u015f sanat\u0131n usta ve gen\u00e7 sanat\u00e7\u0131lar\u0131n\u0131 uluslararas\u0131 sanat platformlar\u0131nda temsil etmeyi hedeflemektedir. Sanat\u00e7\u0131 ve sanatseverleri ki\u015fisel sergiler ve b\u00fct\u00fcnl\u00fc\u011f\u00fc olan karma sergilerde bulu\u015fturmay\u0131 ama\u00e7layan galeri, sergilerin yan\u0131 s\u0131ra k\u00fclt\u00fcr &#8211; sanat at\u00f6lyeleri ve s\u00f6yle\u015filerine de ev sahipli\u011fi yapmaktad\u0131r.<\/p>\n<p>G\u00fcnl\u00fck ya\u015famda sanat\u0131n daha fazla yer bulmas\u0131 amac\u0131yla galeride plastik sanatlar, edebiyat, sinema gibi farkl\u0131 disiplinlerde de seminerler, sanat\u00e7\u0131 s\u00f6yle\u015fileri ve workshop etkinlikleri d\u00fczenlenmektedir.<\/p>\n<p>Galeri 11.17&#8217;nin Art Shop alan\u0131nda tasar\u0131m ve sanat\u0131 sanatseverlerle bulu\u015fturabilmek i\u00e7in ekonomik olarak daha ula\u015f\u0131labilir heykel, resim, bask\u0131, seramik ve foto\u011fraf gibi sanat eserleri ve \u00f6zg\u00fcn tasar\u0131m objeleri sat\u0131\u015fa sunulmaktad\u0131r.<\/p>\n<p>&nbsp;<\/p>\n<hr class=\"\\&quot;wp-block-separator\\&quot;\">\n<p><strong>Gallery 11.17 Ekibi<\/strong><\/p>\n<p>Pertev K\u00f6kdemir \u2013 Kurucu<\/p>\n<p>Ayta\u00e7 Beyazg\u00fcl \u2013 Kurucu<\/p>\n<p>&nbsp;<\/p>\n<p>&nbsp;<\/p>\n<\/div>\n<\/div>\n<p><!-- \/vcwb\/dynamicElementComment:8d742e9f --><\/div>\n<\/div>\n<\/div>\n<p><!-- \/vcwb\/dynamicElementComment:f62ab090 --><!-- vcwb\/dynamicElementComment:28dbba40 --><!-- \/vcwb\/dynamicElementComment:28dbba40 --><!-- vcwb\/dynamicElementComment:f5ba9ed4 --><!-- \/vcwb\/dynamicElementComment:f5ba9ed4 --><!-- vcwb\/dynamicElementComment:28dbba40 --><!-- vcwb\/dynamicElementComment:28dbba40 --><!-- \/vcwb\/dynamicElementComment:28dbba40 --><\/div>\n<\/div>\n<\/div>\n<p><!-- \/vcwb\/dynamicElementComment:9b415ac5 --><!--vcv no format--><\/p>\n","protected":false},"excerpt":{"rendered":"<p>Hakk\u0131m\u0131zda 2019 y\u0131l\u0131nda \u0130stanbul Caddebostan&#8217;da kurulan Gallery 11.17 modern ve \u00e7a\u011fda\u015f sanat\u0131n usta ve gen\u00e7 sanat\u00e7\u0131lar\u0131n\u0131 uluslararas\u0131 sanat platformlar\u0131nda temsil etmeyi hedeflemektedir. Sanat\u00e7\u0131 ve sanatseverleri ki\u015fisel sergiler ve b\u00fct\u00fcnl\u00fc\u011f\u00fc olan karma sergilerde bulu\u015fturmay\u0131 ama\u00e7layan galeri, sergilerin yan\u0131 s\u0131ra k\u00fclt\u00fcr &#8211; sanat at\u00f6lyeleri ve s\u00f6yle\u015filerine de ev sahipli\u011fi yapmaktad\u0131r. G\u00fcnl\u00fck ya\u015famda sanat\u0131n daha fazla yer bulmas\u0131&hellip; <br \/> <a class=\"read-more\" href=\"https:\/\/www.gallery1117.com\/?page_id=41\">Devam\u0131<\/a><\/p>\n","protected":false},"author":1,"featured_media":0,"parent":0,"menu_order":0,"comment_status":"closed","ping_status":"closed","template":"","meta":{"footnotes":""},"class_list":["post-41","page","type-page","status-publish","hentry"],"_links":{"self":[{"href":"https:\/\/www.gallery1117.com\/index.php?rest_route=\/wp\/v2\/pages\/41","targetHints":{"allow":["GET"]}}],"collection":[{"href":"https:\/\/www.gallery1117.com\/index.php?rest_route=\/wp\/v2\/pages"}],"about":[{"href":"https:\/\/www.gallery1117.com\/index.php?rest_route=\/wp\/v2\/types\/page"}],"author":[{"embeddable":true,"href":"https:\/\/www.gallery1117.com\/index.php?rest_route=\/wp\/v2\/users\/1"}],"replies":[{"embeddable":true,"href":"https:\/\/www.gallery1117.com\/index.php?rest_route=%2Fwp%2Fv2%2Fcomments&post=41"}],"version-history":[{"count":19,"href":"https:\/\/www.gallery1117.com\/index.php?rest_route=\/wp\/v2\/pages\/41\/revisions"}],"predecessor-version":[{"id":806,"href":"https:\/\/www.gallery1117.com\/index.php?rest_route=\/wp\/v2\/pages\/41\/revisions\/806"}],"wp:attachment":[{"href":"https:\/\/www.gallery1117.com\/index.php?rest_route=%2Fwp%2Fv2%2Fmedia&parent=41"}],"curies":[{"name":"wp","href":"https:\/\/api.w.org\/{rel}","templated":true}]}}