{"id":67,"date":"2020-06-08T15:37:34","date_gmt":"2020-06-08T15:37:34","guid":{"rendered":"http:\/\/www.gallery1117.com\/?page_id=67"},"modified":"2024-06-05T12:50:40","modified_gmt":"2024-06-05T12:50:40","slug":"iletisim","status":"publish","type":"page","link":"https:\/\/www.gallery1117.com\/?page_id=67","title":{"rendered":"\u0130leti\u015fim"},"content":{"rendered":"<div class=\"vce-row-container\" data-vce-boxed-width=\"true\"><div class=\"vce-row vce-row--col-gap-30 vce-row-content--top\" id=\"el-e2153285\" data-vce-do-apply=\"all el-e2153285\"><div class=\"vce-row-content\" data-vce-element-content=\"true\"><div class=\"vce-col vce-col--md-auto vce-col--xs-1 vce-col--xs-last vce-col--xs-first vce-col--sm-last vce-col--sm-first vce-col--md-last vce-col--lg-last vce-col--xl-last vce-col--md-first vce-col--lg-first vce-col--xl-first\" id=\"el-0e6520e7\"><div class=\"vce-col-inner\" data-vce-do-apply=\"border margin background  el-0e6520e7\"><div class=\"vce-col-content\" data-vce-element-content=\"true\" data-vce-do-apply=\"padding el-0e6520e7\"><div class=\"vce-text-block\"><div class=\"vce-text-block-wrapper vce\" id=\"el-e6669b76\" data-vce-do-apply=\"all el-e6669b76\"><h2>\u0130leti\u015fim<\/h2><\/div><\/div><\/div><\/div><\/div><\/div><\/div><\/div><div class=\"vce-row-container\" data-vce-boxed-width=\"true\"><div class=\"vce-row vce-row--col-gap-30 vce-row-content--top\" id=\"el-96d6c799\" data-vce-do-apply=\"all el-96d6c799\"><div class=\"vce-row-content\" data-vce-element-content=\"true\"><div class=\"vce-col vce-col--md-auto vce-col--xs-1 vce-col--xs-last vce-col--xs-first vce-col--sm-last vce-col--sm-first vce-col--md-first vce-col--lg-first vce-col--xl-first\" id=\"el-5ca489db\"><div class=\"vce-col-inner\" data-vce-do-apply=\"border margin background  el-5ca489db\"><div class=\"vce-col-content\" data-vce-element-content=\"true\" data-vce-do-apply=\"padding el-5ca489db\"><div class=\"vce-text-block\"><div class=\"vce-text-block-wrapper vce\" id=\"el-383c1406\" data-vce-do-apply=\"all el-383c1406\"><p>F\u0131r\u0131n Cd. No:29 \/ Ata\u015fehir \/ \u0130STANBUL<\/p><\/div><\/div><div class=\"vce-text-block\"><div class=\"vce-text-block-wrapper vce\" id=\"el-f94b2cd7\" data-vce-do-apply=\"all el-f94b2cd7\"><p><strong>\u00c7al\u0131\u015fma Saatleri;<\/strong><\/p>\n<p>Pazartesi, Sal\u0131, \u00c7ar\u015famba, Cuma ,Cumartesi 11:00 - 19:00 - Per\u015fembe 11:00 \u2013 20:00 Gallery11.17, her Pazar kapal\u0131d\u0131r. Gallery11.17, her y\u0131l 1 Ocak, dini bayramlar ve resmi tatil g\u00fcnlerinde kapal\u0131d\u0131r.<\/p>\n<p>&nbsp;<\/p><\/div><\/div><\/div><\/div><\/div><div class=\"vce-col vce-col--md-auto vce-col--xs-1 vce-col--xs-last vce-col--xs-first vce-col--sm-last vce-col--sm-first vce-col--md-last vce-col--lg-last vce-col--xl-last\" id=\"el-f03dee71\"><div class=\"vce-col-inner\" data-vce-do-apply=\"border margin background  el-f03dee71\"><div class=\"vce-col-content\" data-vce-element-content=\"true\" data-vce-do-apply=\"padding el-f03dee71\"><div class=\"vce-google-maps vce-google-maps--align-left\"><div class=\"vce-google-maps-wrapper vce vce-google-maps-proportional\" id=\"el-c6278f63\" data-vce-do-apply=\"all el-c6278f63\" style=\"width: 600px; height: auto;\"><div class=\"vce-google-maps-inner\" style=\"padding-bottom: 75%;\"><iframe src=\"https:\/\/www.google.com\/maps\/embed?pb=!1m18!1m12!1m3!1d3011.961059234355!2d29.111567977833207!3d40.98233352101929!2m3!1f0!2f0!3f0!3m2!1i1024!2i768!4f13.1!3m3!1m2!1s0x14cac63da176ab87%3A0x8adf3e5b5f7f4239!2zS8O8w6fDvGtiYWtrYWxrw7Z5LCBGxLFyxLFuIENkLiBObzoyOSwgMzQ3NTAgQXRhxZ9laGlyL8Swc3RhbmJ1bA!5e0!3m2!1str!2str!4v1717488960533!5m2!1str!2str\" width=\"600\" height=\"450\" style=\"border: 0px; pointer-events: none;\" allowfullscreen=\"\" loading=\"lazy\" referrerpolicy=\"no-referrer-when-downgrade\"><\/iframe><\/div><\/div><\/div><\/div><\/div><\/div><\/div><\/div><\/div><div class=\"vce-row-container\" data-vce-boxed-width=\"true\"><div class=\"vce-row vce-row--col-gap-30 vce-row-content--top\" id=\"el-b4ccc189\" data-vce-do-apply=\"all el-b4ccc189\"><div class=\"vce-row-content\" data-vce-element-content=\"true\"><div class=\"vce-col vce-col--md-auto vce-col--xs-1 vce-col--xs-last vce-col--xs-first vce-col--sm-last vce-col--sm-first vce-col--md-first vce-col--lg-first vce-col--xl-first\" id=\"el-0272ad49\"><div class=\"vce-col-inner\" data-vce-do-apply=\"border margin background  el-0272ad49\"><div class=\"vce-col-content\" data-vce-element-content=\"true\" data-vce-do-apply=\"padding el-0272ad49\"><div class=\"vce-text-block\"><div class=\"vce-text-block-wrapper vce\" id=\"el-2fcd5538\" data-vce-do-apply=\"all el-2fcd5538\"><\/div><\/div><\/div><\/div><\/div><div class=\"vce-col vce-col--md-auto vce-col--xs-1 vce-col--xs-last vce-col--xs-first vce-col--sm-last vce-col--sm-first vce-col--md-last vce-col--lg-last vce-col--xl-last\" id=\"el-40fca094\"><div class=\"vce-col-inner\" data-vce-do-apply=\"border margin background  el-40fca094\"><div class=\"vce-col-content\" data-vce-element-content=\"true\" data-vce-do-apply=\"padding el-40fca094\"><div><\/div><\/div><\/div><\/div><\/div><\/div><\/div>","protected":false},"excerpt":{"rendered":"<p>\u0130leti\u015fimF\u0131r\u0131n Cd. No:29 \/ Ata\u015fehir \/ \u0130STANBUL\u00c7al\u0131\u015fma Saatleri; Pazartesi, Sal\u0131, \u00c7ar\u015famba, Cuma ,Cumartesi 11:00 &#8211; 19:00 &#8211; Per\u015fembe 11:00 \u2013 20:00 Gallery11.17, her Pazar kapal\u0131d\u0131r. Gallery11.17, her y\u0131l 1 Ocak, dini bayramlar ve resmi tatil g\u00fcnlerinde kapal\u0131d\u0131r. &nbsp;<\/p>\n","protected":false},"author":1,"featured_media":0,"parent":0,"menu_order":0,"comment_status":"closed","ping_status":"closed","template":"","meta":{"footnotes":""},"class_list":["post-67","page","type-page","status-publish","hentry"],"_links":{"self":[{"href":"https:\/\/www.gallery1117.com\/index.php?rest_route=\/wp\/v2\/pages\/67","targetHints":{"allow":["GET"]}}],"collection":[{"href":"https:\/\/www.gallery1117.com\/index.php?rest_route=\/wp\/v2\/pages"}],"about":[{"href":"https:\/\/www.gallery1117.com\/index.php?rest_route=\/wp\/v2\/types\/page"}],"author":[{"embeddable":true,"href":"https:\/\/www.gallery1117.com\/index.php?rest_route=\/wp\/v2\/users\/1"}],"replies":[{"embeddable":true,"href":"https:\/\/www.gallery1117.com\/index.php?rest_route=%2Fwp%2Fv2%2Fcomments&post=67"}],"version-history":[{"count":10,"href":"https:\/\/www.gallery1117.com\/index.php?rest_route=\/wp\/v2\/pages\/67\/revisions"}],"predecessor-version":[{"id":1082,"href":"https:\/\/www.gallery1117.com\/index.php?rest_route=\/wp\/v2\/pages\/67\/revisions\/1082"}],"wp:attachment":[{"href":"https:\/\/www.gallery1117.com\/index.php?rest_route=%2Fwp%2Fv2%2Fmedia&parent=67"}],"curies":[{"name":"wp","href":"https:\/\/api.w.org\/{rel}","templated":true}]}}